{"id":9752,"date":"2019-06-07T09:11:39","date_gmt":"2019-06-07T09:11:39","guid":{"rendered":"https:\/\/www.braet-brabant.be\/declaration-de-sinistre\/"},"modified":"2019-06-07T09:11:39","modified_gmt":"2019-06-07T09:11:39","slug":"declaration-de-sinistre","status":"publish","type":"page","link":"https:\/\/assurancesbraet.be\/nl\/declaration-de-sinistre\/","title":{"rendered":"D\u00e9claration de sinistre"},"content":{"rendered":"<div class=\"wpb-content-wrapper\">[vc_section full_width=&#8221;stretch_row&#8221; css=&#8221;.vc_custom_1562935361094{background-color: #f8f8f8 !important;}&#8221;][vc_row][vc_column]<div class=\"vcex-spacing wpex-w-100 wpex-clear\" style=\"height:40px;\"><\/div><h2 class=\"vcex-heading vcex-module wpex-text-2xl wpex-font-normal wpex-m-auto wpex-max-w-100 vcex-heading-plain wpex-block wpex-text-center\"><span class=\"vcex-heading-inner wpex-inline-block wpex-clr\">Pour toute question ou demande d\u2019assistance, n\u2019h\u00e9sitez pas \u00e0 nous contacter<\/span><\/h2>[\/vc_column][\/vc_row][vc_row full_width=&#8221;stretch_row&#8221; content_placement=&#8221;middle&#8221; column_spacing=&#8221;0px&#8221; css=&#8221;.vc_custom_1562935342698{padding-top: 40px !important;padding-bottom: 40px !important;}&#8221;][vc_column width=&#8221;6\/12&#8243;]<figure class=\"vcex-image vcex-module wpex-clr\"><div class=\"vcex-image-inner wpex-relative wpex-inline-block\"><img decoding=\"async\" width=\"1400\" height=\"933\" src=\"https:\/\/assurancesbraet.be\/wp-content\/uploads\/2019\/07\/aide-sinistre.jpg\" class=\"wpex-align-middle\" alt=\"\" loading=\"lazy\" style=\"border-radius:10px;\" srcset=\"https:\/\/assurancesbraet.be\/wp-content\/uploads\/2019\/07\/aide-sinistre.jpg 1400w, https:\/\/assurancesbraet.be\/wp-content\/uploads\/2019\/07\/aide-sinistre-300x200.jpg 300w, https:\/\/assurancesbraet.be\/wp-content\/uploads\/2019\/07\/aide-sinistre-768x512.jpg 768w, https:\/\/assurancesbraet.be\/wp-content\/uploads\/2019\/07\/aide-sinistre-1024x682.jpg 1024w\" sizes=\"auto, (max-width: 1400px) 100vw, 1400px\" \/><\/div><\/figure>[\/vc_column][vc_column width=&#8221;1\/12&#8243; el_class=&#8221;service-right&#8221;][\/vc_column][vc_column width=&#8221;5\/12&#8243; css=&#8221;.vc_custom_1563366931572{padding-top: 80px !important;padding-right: 10px !important;padding-bottom: 80px !important;padding-left: 10px !important;}&#8221;][vc_tta_accordion shape=&#8221;square&#8221; gap=&#8221;5&#8243; c_position=&#8221;right&#8221; active_section=&#8221;100&#8243; no_fill=&#8221;true&#8221;][vc_tta_section title=&#8221;Un accident de la circulation ?&#8221; tab_id=&#8221;1550472433104-92417c4b-f572b043-2c45&#8243;][vc_column_text]Envoyez-nous votre constat, en nous mentionnant le garage aupr\u00e8s duquel vous souhaitez faire les r\u00e9parations. Nous nous occupons du reste !<br \/>\nVous disposez TOUJOURS d&#8217;une assistance \u00ab apr\u00e8s accident \u00bb gratuite si votre v\u00e9hicule est immobilis\u00e9 (en Belgique).[\/vc_column_text][\/vc_tta_section][vc_tta_section title=&#8221;Un dommage \u00e0 votre habitation ?&#8221; tab_id=&#8221;1550472433131-3068dde5-6af3b043-2c45&#8243;][vc_column_text]Nous vous invitons \u00e0 prendre toutes les mesures raisonnables pour att\u00e9nuer les cons\u00e9quences du sinistre.<br \/>\nNe vous s\u00e9parez pas des objets endommag\u00e9s ! Il se peut que l&#8217;expert veuille les examiner au moment d&#8217;\u00e9tablir son rapport.<br \/>\nRassemblez les preuves qui pourront servir \u00e0 r\u00e9gler le sinistre : dressez la liste des objets endommag\u00e9s, prenez des photos.<br \/>\nInformez nous d\u00e8s que possible ! Nous vous demanderons une description d\u00e9taill\u00e9e des circonstances de l&#8217;incident.[\/vc_column_text][\/vc_tta_section][vc_tta_section title=&#8221;Vous \u00eates victime d&#8217;un vol ?&#8221; tab_id=&#8221;1552569122717-8051b77d-f50eb043-2c45&#8243;][vc_column_text]Il est imp\u00e9ratif de d\u00e9poser plainte \u00e0 la police et de demander une copie de votre d\u00e9position.<br \/>\nRenseignez nous toujours le num\u00e9ro de PV dans la d\u00e9claration de sinistre.<br \/>\nEnvoyez-nous une liste des objets vol\u00e9s ainsi que de la date d&#8217;achat et si possible la valeur des objets d\u00e9rob\u00e9s.[\/vc_column_text][\/vc_tta_section][\/vc_tta_accordion]<div class=\"vcex-spacing wpex-w-100 wpex-clear\"><\/div><div class=\"theme-button-wrap textcenter wpex-clr\"><a href=\"http:\/\/assurancesbraet.be\/contactez-nous\/\" class=\"vcex-button theme-button align-center inline\"><span class=\"theme-button-inner\">Contactez-nous<\/span><\/a><\/div> [\/vc_column][\/vc_row][\/vc_section]\n<\/div>","protected":false},"excerpt":{"rendered":"<p>[vc_section full_width=&#8221;stretch_row&#8221; css=&#8221;.vc_custom_1562935361094{background-color: #f8f8f8 !important;}&#8221;][vc_row][vc_column][\/vc_column][\/vc_row][vc_row full_width=&#8221;stretch_row&#8221; content_placement=&#8221;middle&#8221; column_spacing=&#8221;0px&#8221; css=&#8221;.vc_custom_1562935342698{padding-top: 40px !important;padding-bottom: 40px !important;}&#8221;][vc_column width=&#8221;6\/12&#8243;][\/vc_column][vc_column width=&#8221;1\/12&#8243; el_class=&#8221;service-right&#8221;][\/vc_column][vc_column width=&#8221;5\/12&#8243; css=&#8221;.vc_custom_1563366931572{padding-top: 80px !important;padding-right: 10px !important;padding-bottom: 80px !important;padding-left: 10px !important;}&#8221;][vc_tta_accordion shape=&#8221;square&#8221; gap=&#8221;5&#8243; c_position=&#8221;right&#8221; active_section=&#8221;100&#8243; no_fill=&#8221;true&#8221;][vc_tta_section title=&#8221;Un accident de la circulation ?&#8221; tab_id=&#8221;1550472433104-92417c4b-f572b043-2c45&#8243;][vc_column_text]Envoyez-nous votre constat, en nous mentionnant le garage aupr\u00e8s duquel vous souhaitez faire les r\u00e9parations. Nous nous occupons&hellip;<\/p>\n","protected":false},"author":5,"featured_media":8902,"parent":0,"menu_order":0,"comment_status":"closed","ping_status":"closed","template":"","meta":{"_monsterinsights_skip_tracking":false,"_monsterinsights_sitenote_active":false,"_monsterinsights_sitenote_note":"","_monsterinsights_sitenote_category":0,"footnotes":""},"class_list":["post-9752","page","type-page","status-publish","has-post-thumbnail","hentry","entry","has-media"],"yoast_head":"<!-- This site is optimized with the Yoast SEO plugin v26.5 - https:\/\/yoast.com\/wordpress\/plugins\/seo\/ -->\n<title>Assurez chez Braet &amp; Co. ? Faites votre d\u00e9claration de sinisitre !<\/title>\n<meta name=\"description\" content=\"Vous souhaitez faire une d\u00e9claration de sinistre ? Nous vous donnons toutes les \u00e9tapes \u00e0 suivre pour nous envoyer votre d\u00e9claration.\" \/>\n<meta name=\"robots\" content=\"index, follow, max-snippet:-1, max-image-preview:large, max-video-preview:-1\" \/>\n<link rel=\"canonical\" href=\"https:\/\/assurancesbraet.be\/nl\/declaration-de-sinistre\/\" \/>\n<meta property=\"og:locale\" content=\"nl_NL\" \/>\n<meta property=\"og:type\" content=\"article\" \/>\n<meta property=\"og:title\" content=\"Assurez chez Braet &amp; Co. ? Faites votre d\u00e9claration de sinisitre !\" \/>\n<meta property=\"og:description\" content=\"Vous souhaitez faire une d\u00e9claration de sinistre ? Nous vous donnons toutes les \u00e9tapes \u00e0 suivre pour nous envoyer votre d\u00e9claration.\" \/>\n<meta property=\"og:url\" content=\"https:\/\/assurancesbraet.be\/nl\/declaration-de-sinistre\/\" \/>\n<meta property=\"og:site_name\" content=\"Braet &amp; Co.\" \/>\n<meta property=\"og:image\" content=\"https:\/\/assurancesbraet.be\/wp-content\/uploads\/2019\/06\/D\u00e9claration-de-sinistre.jpg\" \/>\n\t<meta property=\"og:image:width\" content=\"1400\" \/>\n\t<meta property=\"og:image:height\" content=\"788\" \/>\n\t<meta property=\"og:image:type\" content=\"image\/jpeg\" \/>\n<meta name=\"twitter:card\" content=\"summary_large_image\" \/>\n<meta name=\"twitter:label1\" content=\"Geschatte leestijd\" \/>\n\t<meta name=\"twitter:data1\" content=\"2 minuten\" \/>\n<script type=\"application\/ld+json\" class=\"yoast-schema-graph\">{\"@context\":\"https:\/\/schema.org\",\"@graph\":[{\"@type\":\"WebPage\",\"@id\":\"https:\/\/assurancesbraet.be\/nl\/declaration-de-sinistre\/\",\"url\":\"https:\/\/assurancesbraet.be\/nl\/declaration-de-sinistre\/\",\"name\":\"Assurez chez Braet &amp; Co. ? Faites votre d\u00e9claration de sinisitre !\",\"isPartOf\":{\"@id\":\"https:\/\/assurancesbraet.be\/#website\"},\"primaryImageOfPage\":{\"@id\":\"https:\/\/assurancesbraet.be\/nl\/declaration-de-sinistre\/#primaryimage\"},\"image\":{\"@id\":\"https:\/\/assurancesbraet.be\/nl\/declaration-de-sinistre\/#primaryimage\"},\"thumbnailUrl\":\"https:\/\/assurancesbraet.be\/wp-content\/uploads\/2019\/06\/D\u00e9claration-de-sinistre.jpg\",\"datePublished\":\"2019-06-07T09:11:39+00:00\",\"description\":\"Vous souhaitez faire une d\u00e9claration de sinistre ? Nous vous donnons toutes les \u00e9tapes \u00e0 suivre pour nous envoyer votre d\u00e9claration.\",\"breadcrumb\":{\"@id\":\"https:\/\/assurancesbraet.be\/nl\/declaration-de-sinistre\/#breadcrumb\"},\"inLanguage\":\"nl-NL\",\"potentialAction\":[{\"@type\":\"ReadAction\",\"target\":[\"https:\/\/assurancesbraet.be\/nl\/declaration-de-sinistre\/\"]}]},{\"@type\":\"ImageObject\",\"inLanguage\":\"nl-NL\",\"@id\":\"https:\/\/assurancesbraet.be\/nl\/declaration-de-sinistre\/#primaryimage\",\"url\":\"https:\/\/assurancesbraet.be\/wp-content\/uploads\/2019\/06\/D\u00e9claration-de-sinistre.jpg\",\"contentUrl\":\"https:\/\/assurancesbraet.be\/wp-content\/uploads\/2019\/06\/D\u00e9claration-de-sinistre.jpg\",\"width\":1400,\"height\":788},{\"@type\":\"BreadcrumbList\",\"@id\":\"https:\/\/assurancesbraet.be\/nl\/declaration-de-sinistre\/#breadcrumb\",\"itemListElement\":[{\"@type\":\"ListItem\",\"position\":1,\"name\":\"Accueil\",\"item\":\"https:\/\/assurancesbraet.be\/nl\/accueil-3\/\"},{\"@type\":\"ListItem\",\"position\":2,\"name\":\"D\u00e9claration de sinistre\"}]},{\"@type\":\"WebSite\",\"@id\":\"https:\/\/assurancesbraet.be\/#website\",\"url\":\"https:\/\/assurancesbraet.be\/\",\"name\":\"Braet & Co\",\"description\":\"Braet &amp; Co.\",\"publisher\":{\"@id\":\"https:\/\/assurancesbraet.be\/#organization\"},\"potentialAction\":[{\"@type\":\"SearchAction\",\"target\":{\"@type\":\"EntryPoint\",\"urlTemplate\":\"https:\/\/assurancesbraet.be\/?s={search_term_string}\"},\"query-input\":{\"@type\":\"PropertyValueSpecification\",\"valueRequired\":true,\"valueName\":\"search_term_string\"}}],\"inLanguage\":\"nl-NL\"},{\"@type\":\"Organization\",\"@id\":\"https:\/\/assurancesbraet.be\/#organization\",\"name\":\"Bread & Co\",\"url\":\"https:\/\/assurancesbraet.be\/\",\"logo\":{\"@type\":\"ImageObject\",\"inLanguage\":\"nl-NL\",\"@id\":\"https:\/\/assurancesbraet.be\/#\/schema\/logo\/image\/\",\"url\":\"https:\/\/assurancesbraet.be\/wp-content\/uploads\/2023\/11\/Logo-AB-BraetCo-BDEF.png\",\"contentUrl\":\"https:\/\/assurancesbraet.be\/wp-content\/uploads\/2023\/11\/Logo-AB-BraetCo-BDEF.png\",\"width\":442,\"height\":218,\"caption\":\"Bread & Co\"},\"image\":{\"@id\":\"https:\/\/assurancesbraet.be\/#\/schema\/logo\/image\/\"}}]}<\/script>\n<!-- \/ Yoast SEO plugin. -->","yoast_head_json":{"title":"Assurez chez Braet &amp; Co. ? Faites votre d\u00e9claration de sinisitre !","description":"Vous souhaitez faire une d\u00e9claration de sinistre ? Nous vous donnons toutes les \u00e9tapes \u00e0 suivre pour nous envoyer votre d\u00e9claration.","robots":{"index":"index","follow":"follow","max-snippet":"max-snippet:-1","max-image-preview":"max-image-preview:large","max-video-preview":"max-video-preview:-1"},"canonical":"https:\/\/assurancesbraet.be\/nl\/declaration-de-sinistre\/","og_locale":"nl_NL","og_type":"article","og_title":"Assurez chez Braet &amp; Co. ? Faites votre d\u00e9claration de sinisitre !","og_description":"Vous souhaitez faire une d\u00e9claration de sinistre ? Nous vous donnons toutes les \u00e9tapes \u00e0 suivre pour nous envoyer votre d\u00e9claration.","og_url":"https:\/\/assurancesbraet.be\/nl\/declaration-de-sinistre\/","og_site_name":"Braet &amp; Co.","og_image":[{"width":1400,"height":788,"url":"https:\/\/assurancesbraet.be\/wp-content\/uploads\/2019\/06\/D\u00e9claration-de-sinistre.jpg","type":"image\/jpeg"}],"twitter_card":"summary_large_image","twitter_misc":{"Geschatte leestijd":"2 minuten"},"schema":{"@context":"https:\/\/schema.org","@graph":[{"@type":"WebPage","@id":"https:\/\/assurancesbraet.be\/nl\/declaration-de-sinistre\/","url":"https:\/\/assurancesbraet.be\/nl\/declaration-de-sinistre\/","name":"Assurez chez Braet &amp; Co. ? Faites votre d\u00e9claration de sinisitre !","isPartOf":{"@id":"https:\/\/assurancesbraet.be\/#website"},"primaryImageOfPage":{"@id":"https:\/\/assurancesbraet.be\/nl\/declaration-de-sinistre\/#primaryimage"},"image":{"@id":"https:\/\/assurancesbraet.be\/nl\/declaration-de-sinistre\/#primaryimage"},"thumbnailUrl":"https:\/\/assurancesbraet.be\/wp-content\/uploads\/2019\/06\/D\u00e9claration-de-sinistre.jpg","datePublished":"2019-06-07T09:11:39+00:00","description":"Vous souhaitez faire une d\u00e9claration de sinistre ? Nous vous donnons toutes les \u00e9tapes \u00e0 suivre pour nous envoyer votre d\u00e9claration.","breadcrumb":{"@id":"https:\/\/assurancesbraet.be\/nl\/declaration-de-sinistre\/#breadcrumb"},"inLanguage":"nl-NL","potentialAction":[{"@type":"ReadAction","target":["https:\/\/assurancesbraet.be\/nl\/declaration-de-sinistre\/"]}]},{"@type":"ImageObject","inLanguage":"nl-NL","@id":"https:\/\/assurancesbraet.be\/nl\/declaration-de-sinistre\/#primaryimage","url":"https:\/\/assurancesbraet.be\/wp-content\/uploads\/2019\/06\/D\u00e9claration-de-sinistre.jpg","contentUrl":"https:\/\/assurancesbraet.be\/wp-content\/uploads\/2019\/06\/D\u00e9claration-de-sinistre.jpg","width":1400,"height":788},{"@type":"BreadcrumbList","@id":"https:\/\/assurancesbraet.be\/nl\/declaration-de-sinistre\/#breadcrumb","itemListElement":[{"@type":"ListItem","position":1,"name":"Accueil","item":"https:\/\/assurancesbraet.be\/nl\/accueil-3\/"},{"@type":"ListItem","position":2,"name":"D\u00e9claration de sinistre"}]},{"@type":"WebSite","@id":"https:\/\/assurancesbraet.be\/#website","url":"https:\/\/assurancesbraet.be\/","name":"Braet & Co","description":"Braet &amp; Co.","publisher":{"@id":"https:\/\/assurancesbraet.be\/#organization"},"potentialAction":[{"@type":"SearchAction","target":{"@type":"EntryPoint","urlTemplate":"https:\/\/assurancesbraet.be\/?s={search_term_string}"},"query-input":{"@type":"PropertyValueSpecification","valueRequired":true,"valueName":"search_term_string"}}],"inLanguage":"nl-NL"},{"@type":"Organization","@id":"https:\/\/assurancesbraet.be\/#organization","name":"Bread & Co","url":"https:\/\/assurancesbraet.be\/","logo":{"@type":"ImageObject","inLanguage":"nl-NL","@id":"https:\/\/assurancesbraet.be\/#\/schema\/logo\/image\/","url":"https:\/\/assurancesbraet.be\/wp-content\/uploads\/2023\/11\/Logo-AB-BraetCo-BDEF.png","contentUrl":"https:\/\/assurancesbraet.be\/wp-content\/uploads\/2023\/11\/Logo-AB-BraetCo-BDEF.png","width":442,"height":218,"caption":"Bread & Co"},"image":{"@id":"https:\/\/assurancesbraet.be\/#\/schema\/logo\/image\/"}}]}},"_links":{"self":[{"href":"https:\/\/assurancesbraet.be\/nl\/wp-json\/wp\/v2\/pages\/9752","targetHints":{"allow":["GET"]}}],"collection":[{"href":"https:\/\/assurancesbraet.be\/nl\/wp-json\/wp\/v2\/pages"}],"about":[{"href":"https:\/\/assurancesbraet.be\/nl\/wp-json\/wp\/v2\/types\/page"}],"author":[{"embeddable":true,"href":"https:\/\/assurancesbraet.be\/nl\/wp-json\/wp\/v2\/users\/5"}],"replies":[{"embeddable":true,"href":"https:\/\/assurancesbraet.be\/nl\/wp-json\/wp\/v2\/comments?post=9752"}],"version-history":[{"count":0,"href":"https:\/\/assurancesbraet.be\/nl\/wp-json\/wp\/v2\/pages\/9752\/revisions"}],"wp:featuredmedia":[{"embeddable":true,"href":"https:\/\/assurancesbraet.be\/nl\/wp-json\/wp\/v2\/media\/8902"}],"wp:attachment":[{"href":"https:\/\/assurancesbraet.be\/nl\/wp-json\/wp\/v2\/media?parent=9752"}],"curies":[{"name":"wp","href":"https:\/\/api.w.org\/{rel}","templated":true}]}}