{"id":9722,"date":"2019-07-05T09:52:06","date_gmt":"2019-07-05T09:52:06","guid":{"rendered":"https:\/\/www.braet-brabant.be\/news\/"},"modified":"2023-11-23T15:26:14","modified_gmt":"2023-11-23T15:26:14","slug":"news","status":"publish","type":"page","link":"https:\/\/assurancesbraet.be\/nl\/news\/","title":{"rendered":"Nieuws van ons verzekeringskantoor"},"content":{"rendered":"<div class=\"wpb-content-wrapper\">[vc_row remove_bottom_col_margin=&#8221;true&#8221;][vc_column]<div class=\"vcex-spacing wpex-w-100 wpex-clear\" style=\"height:50px;\"><\/div><h3 class=\"vcex-heading vcex-module wpex-text-2xl wpex-font-normal wpex-m-auto wpex-max-w-100 vcex-heading-plain wpex-block wpex-text-center vc_custom_1700753113674\"><span class=\"vcex-heading-inner wpex-inline-block wpex-clr\">Vind in deze sectie de laatste artikelen van onze nieuwsbrief, evenals al het nieuws van ons kantoor.<\/span><\/h3>[\/vc_column][\/vc_row]\n<\/div>","protected":false},"excerpt":{"rendered":"<p>[vc_row remove_bottom_col_margin=&#8221;true&#8221;][vc_column][\/vc_column][\/vc_row]<\/p>\n","protected":false},"author":5,"featured_media":0,"parent":0,"menu_order":0,"comment_status":"closed","ping_status":"closed","template":"templates\/blog.php","meta":{"_monsterinsights_skip_tracking":false,"_monsterinsights_sitenote_active":false,"_monsterinsights_sitenote_note":"","_monsterinsights_sitenote_category":0,"footnotes":""},"class_list":["post-9722","page","type-page","status-publish","hentry","entry","no-media"],"yoast_head":"<!-- This site is optimized with the Yoast SEO plugin v26.5 - https:\/\/yoast.com\/wordpress\/plugins\/seo\/ -->\n<title>Nieuws van ons verzekeringskantoor | Braet &amp; Co.<\/title>\n<meta name=\"description\" content=\"Nous vous partageons toute l&#039;actualit\u00e9 de nos bureaux d&#039;assurances \u00e0 Jodoigne et Wemmel afin que vous soyez toujours inform\u00e9.\" \/>\n<meta name=\"robots\" content=\"index, follow, max-snippet:-1, max-image-preview:large, max-video-preview:-1\" \/>\n<link rel=\"canonical\" href=\"https:\/\/assurancesbraet.be\/nl\/news\/\" \/>\n<meta property=\"og:locale\" content=\"nl_NL\" \/>\n<meta property=\"og:type\" content=\"article\" \/>\n<meta property=\"og:title\" content=\"Nieuws van ons verzekeringskantoor | Braet &amp; Co.\" \/>\n<meta property=\"og:description\" content=\"Nous vous partageons toute l&#039;actualit\u00e9 de nos bureaux d&#039;assurances \u00e0 Jodoigne et Wemmel afin que vous soyez toujours inform\u00e9.\" \/>\n<meta property=\"og:url\" content=\"https:\/\/assurancesbraet.be\/nl\/news\/\" \/>\n<meta property=\"og:site_name\" content=\"Braet &amp; Co.\" \/>\n<meta property=\"article:modified_time\" content=\"2023-11-23T15:26:14+00:00\" \/>\n<meta property=\"og:image\" content=\"https:\/\/assurancesbraet.be\/wp-content\/uploads\/2023\/11\/Logo-AB-BraetCo-BDEF.png\" \/>\n\t<meta property=\"og:image:width\" content=\"442\" \/>\n\t<meta property=\"og:image:height\" content=\"218\" \/>\n\t<meta property=\"og:image:type\" content=\"image\/png\" \/>\n<meta name=\"twitter:card\" content=\"summary_large_image\" \/>\n<meta name=\"twitter:label1\" content=\"Geschatte leestijd\" \/>\n\t<meta name=\"twitter:data1\" content=\"1 minuut\" \/>\n<script type=\"application\/ld+json\" class=\"yoast-schema-graph\">{\"@context\":\"https:\/\/schema.org\",\"@graph\":[{\"@type\":\"WebPage\",\"@id\":\"https:\/\/assurancesbraet.be\/nl\/news\/\",\"url\":\"https:\/\/assurancesbraet.be\/nl\/news\/\",\"name\":\"Nieuws van ons verzekeringskantoor | Braet &amp; Co.\",\"isPartOf\":{\"@id\":\"https:\/\/assurancesbraet.be\/#website\"},\"datePublished\":\"2019-07-05T09:52:06+00:00\",\"dateModified\":\"2023-11-23T15:26:14+00:00\",\"description\":\"Nous vous partageons toute l'actualit\u00e9 de nos bureaux d'assurances \u00e0 Jodoigne et Wemmel afin que vous soyez toujours inform\u00e9.\",\"breadcrumb\":{\"@id\":\"https:\/\/assurancesbraet.be\/nl\/news\/#breadcrumb\"},\"inLanguage\":\"nl-NL\",\"potentialAction\":[{\"@type\":\"ReadAction\",\"target\":[\"https:\/\/assurancesbraet.be\/nl\/news\/\"]}]},{\"@type\":\"BreadcrumbList\",\"@id\":\"https:\/\/assurancesbraet.be\/nl\/news\/#breadcrumb\",\"itemListElement\":[{\"@type\":\"ListItem\",\"position\":1,\"name\":\"Accueil\",\"item\":\"https:\/\/assurancesbraet.be\/nl\/accueil-3\/\"},{\"@type\":\"ListItem\",\"position\":2,\"name\":\"Nieuws van ons verzekeringskantoor\"}]},{\"@type\":\"WebSite\",\"@id\":\"https:\/\/assurancesbraet.be\/#website\",\"url\":\"https:\/\/assurancesbraet.be\/\",\"name\":\"Braet & Co\",\"description\":\"Braet &amp; Co.\",\"publisher\":{\"@id\":\"https:\/\/assurancesbraet.be\/#organization\"},\"potentialAction\":[{\"@type\":\"SearchAction\",\"target\":{\"@type\":\"EntryPoint\",\"urlTemplate\":\"https:\/\/assurancesbraet.be\/?s={search_term_string}\"},\"query-input\":{\"@type\":\"PropertyValueSpecification\",\"valueRequired\":true,\"valueName\":\"search_term_string\"}}],\"inLanguage\":\"nl-NL\"},{\"@type\":\"Organization\",\"@id\":\"https:\/\/assurancesbraet.be\/#organization\",\"name\":\"Bread & Co\",\"url\":\"https:\/\/assurancesbraet.be\/\",\"logo\":{\"@type\":\"ImageObject\",\"inLanguage\":\"nl-NL\",\"@id\":\"https:\/\/assurancesbraet.be\/#\/schema\/logo\/image\/\",\"url\":\"https:\/\/assurancesbraet.be\/wp-content\/uploads\/2023\/11\/Logo-AB-BraetCo-BDEF.png\",\"contentUrl\":\"https:\/\/assurancesbraet.be\/wp-content\/uploads\/2023\/11\/Logo-AB-BraetCo-BDEF.png\",\"width\":442,\"height\":218,\"caption\":\"Bread & Co\"},\"image\":{\"@id\":\"https:\/\/assurancesbraet.be\/#\/schema\/logo\/image\/\"}}]}<\/script>\n<!-- \/ Yoast SEO plugin. -->","yoast_head_json":{"title":"Nieuws van ons verzekeringskantoor | Braet &amp; Co.","description":"Nous vous partageons toute l'actualit\u00e9 de nos bureaux d'assurances \u00e0 Jodoigne et Wemmel afin que vous soyez toujours inform\u00e9.","robots":{"index":"index","follow":"follow","max-snippet":"max-snippet:-1","max-image-preview":"max-image-preview:large","max-video-preview":"max-video-preview:-1"},"canonical":"https:\/\/assurancesbraet.be\/nl\/news\/","og_locale":"nl_NL","og_type":"article","og_title":"Nieuws van ons verzekeringskantoor | Braet &amp; Co.","og_description":"Nous vous partageons toute l'actualit\u00e9 de nos bureaux d'assurances \u00e0 Jodoigne et Wemmel afin que vous soyez toujours inform\u00e9.","og_url":"https:\/\/assurancesbraet.be\/nl\/news\/","og_site_name":"Braet &amp; Co.","article_modified_time":"2023-11-23T15:26:14+00:00","og_image":[{"width":442,"height":218,"url":"https:\/\/assurancesbraet.be\/wp-content\/uploads\/2023\/11\/Logo-AB-BraetCo-BDEF.png","type":"image\/png"}],"twitter_card":"summary_large_image","twitter_misc":{"Geschatte leestijd":"1 minuut"},"schema":{"@context":"https:\/\/schema.org","@graph":[{"@type":"WebPage","@id":"https:\/\/assurancesbraet.be\/nl\/news\/","url":"https:\/\/assurancesbraet.be\/nl\/news\/","name":"Nieuws van ons verzekeringskantoor | Braet &amp; Co.","isPartOf":{"@id":"https:\/\/assurancesbraet.be\/#website"},"datePublished":"2019-07-05T09:52:06+00:00","dateModified":"2023-11-23T15:26:14+00:00","description":"Nous vous partageons toute l'actualit\u00e9 de nos bureaux d'assurances \u00e0 Jodoigne et Wemmel afin que vous soyez toujours inform\u00e9.","breadcrumb":{"@id":"https:\/\/assurancesbraet.be\/nl\/news\/#breadcrumb"},"inLanguage":"nl-NL","potentialAction":[{"@type":"ReadAction","target":["https:\/\/assurancesbraet.be\/nl\/news\/"]}]},{"@type":"BreadcrumbList","@id":"https:\/\/assurancesbraet.be\/nl\/news\/#breadcrumb","itemListElement":[{"@type":"ListItem","position":1,"name":"Accueil","item":"https:\/\/assurancesbraet.be\/nl\/accueil-3\/"},{"@type":"ListItem","position":2,"name":"Nieuws van ons verzekeringskantoor"}]},{"@type":"WebSite","@id":"https:\/\/assurancesbraet.be\/#website","url":"https:\/\/assurancesbraet.be\/","name":"Braet & Co","description":"Braet &amp; Co.","publisher":{"@id":"https:\/\/assurancesbraet.be\/#organization"},"potentialAction":[{"@type":"SearchAction","target":{"@type":"EntryPoint","urlTemplate":"https:\/\/assurancesbraet.be\/?s={search_term_string}"},"query-input":{"@type":"PropertyValueSpecification","valueRequired":true,"valueName":"search_term_string"}}],"inLanguage":"nl-NL"},{"@type":"Organization","@id":"https:\/\/assurancesbraet.be\/#organization","name":"Bread & Co","url":"https:\/\/assurancesbraet.be\/","logo":{"@type":"ImageObject","inLanguage":"nl-NL","@id":"https:\/\/assurancesbraet.be\/#\/schema\/logo\/image\/","url":"https:\/\/assurancesbraet.be\/wp-content\/uploads\/2023\/11\/Logo-AB-BraetCo-BDEF.png","contentUrl":"https:\/\/assurancesbraet.be\/wp-content\/uploads\/2023\/11\/Logo-AB-BraetCo-BDEF.png","width":442,"height":218,"caption":"Bread & Co"},"image":{"@id":"https:\/\/assurancesbraet.be\/#\/schema\/logo\/image\/"}}]}},"_links":{"self":[{"href":"https:\/\/assurancesbraet.be\/nl\/wp-json\/wp\/v2\/pages\/9722","targetHints":{"allow":["GET"]}}],"collection":[{"href":"https:\/\/assurancesbraet.be\/nl\/wp-json\/wp\/v2\/pages"}],"about":[{"href":"https:\/\/assurancesbraet.be\/nl\/wp-json\/wp\/v2\/types\/page"}],"author":[{"embeddable":true,"href":"https:\/\/assurancesbraet.be\/nl\/wp-json\/wp\/v2\/users\/5"}],"replies":[{"embeddable":true,"href":"https:\/\/assurancesbraet.be\/nl\/wp-json\/wp\/v2\/comments?post=9722"}],"version-history":[{"count":2,"href":"https:\/\/assurancesbraet.be\/nl\/wp-json\/wp\/v2\/pages\/9722\/revisions"}],"predecessor-version":[{"id":9792,"href":"https:\/\/assurancesbraet.be\/nl\/wp-json\/wp\/v2\/pages\/9722\/revisions\/9792"}],"wp:attachment":[{"href":"https:\/\/assurancesbraet.be\/nl\/wp-json\/wp\/v2\/media?parent=9722"}],"curies":[{"name":"wp","href":"https:\/\/api.w.org\/{rel}","templated":true}]}}